{"id":2853,"date":"2024-06-06T12:57:52","date_gmt":"2024-06-06T12:57:52","guid":{"rendered":"https:\/\/j2rentacarcanarias.com\/rent-conditions\/"},"modified":"2024-07-22T07:34:14","modified_gmt":"2024-07-22T07:34:14","slug":"rent-conditions","status":"publish","type":"page","link":"https:\/\/j2rentacarcanarias.com\/en\/rent-conditions\/","title":{"rendered":"Rent conditions"},"content":{"rendered":"\t\t<div data-elementor-type=\"wp-page\" data-elementor-id=\"2853\" class=\"elementor elementor-2853 elementor-2456\" data-elementor-post-type=\"page\">\n\t\t\t\t<div class=\"elementor-element elementor-element-69f7401 e-flex e-con-boxed e-con e-parent\" data-id=\"69f7401\" data-element_type=\"container\" data-e-type=\"container\">\n\t\t\t\t\t<div class=\"e-con-inner\">\n\t\t\t\t<div class=\"elementor-element elementor-element-157d5f6 elementor-widget elementor-widget-heading\" data-id=\"157d5f6\" data-element_type=\"widget\" data-e-type=\"widget\" data-widget_type=\"heading.default\">\n\t\t\t\t<div class=\"elementor-widget-container\">\n\t\t\t\t\t<h2 class=\"elementor-heading-title elementor-size-default\">Rent conditions<\/h2>\t\t\t\t<\/div>\n\t\t\t\t<\/div>\n\t\t\t\t<div class=\"elementor-element elementor-element-dcaf04c elementor-widget elementor-widget-text-editor\" data-id=\"dcaf04c\" data-element_type=\"widget\" data-e-type=\"widget\" data-widget_type=\"text-editor.default\">\n\t\t\t\t<div class=\"elementor-widget-container\">\n\t\t\t\t\t\t\t\t\t<div id=\"wrapper\">\n<div id=\"main\">\n<div class=\"container\">\n<div class=\"vc_row wpb_row vc_row-fluid vc_custom_1658915372405\">\n<div class=\"wpb_column vc_column_container vc_col-sm-12\">\n<div class=\"vc_column-inner\">\n<div class=\"wpb_wrapper\">\n<div class=\"wpb_text_column wpb_content_element \">\n<div class=\"wpb_wrapper\">\n<p>Se han detectado malas pr\u00e1cticas en el sector del alquiler de coches y por eso hemos realizado un esfuerzo en buscar la forma m\u00e1s transparente y honesta a la hora de alquilar un coche: \u201c<b>La tarifa que mostramos en j2rentacarcanarias.com desde el primer momento es el precio final, sin otros costes ocultos o retenciones en tu tarjeta en la entrega del mismo.\u201d <\/b> <\/p>\n<p>Para conseguir que el precio ofertado sea el precio final:<\/p>\n<p><strong>1\u00ba. Incluimos en el mismo:<\/strong><\/p>\n<ul>\n<li>Taxes (IGIC) and unlimited mileage.<\/li>\n<li>Free Add-Ons:<\/li>\n<li>Child seats and boosters.<\/li>\n<li>2nd and 3rd driver.<\/li>\n<li>Basic insurance.<\/li>\n<\/ul>\n<p><a name=\"_GoBack\"><\/a><strong>Otras condiciones a tener en cuenta <\/strong><\/p>\n<ul>\n<li>La pol\u00edtica de Combustible de J2 Rent a Car es \u201cIgual \u2013 Igual\u201d, por lo que el cliente debe devolver el veh\u00edculo con la misma cantidad de combustible con la que le fue entregado.<\/li>\n<li>Para modificar su reserva por favor contacte con el n\u00famero de tel\u00e9fono +34 609 214 122 o a nuestra direcci\u00f3n de correo info@j2rentacarcanarias.com <\/li>\n<li>Es necesario tener el n\u00famero de reserva que le llega con el email de aceptaci\u00f3n de la reserva del veh\u00edculo para poder retirarlo<\/li>\n<li>El permiso de conducir debe tener validez en Espa\u00f1a y una antig\u00fcedad m\u00ednima de 3 a\u00f1os. Asimismo, la edad m\u00ednima para realizar el alquiler es de 25 a\u00f1os<\/li>\n<li>J2 Rent a Car no se hace responsable de los objetos que se olviden dentro del veh\u00edculo.<\/li>\n<\/ul>\n<ul>\n<li>En caso de devoluci\u00f3n anticipada del veh\u00edculo alquilado, J2 Rent a Car no realizar\u00e1 ning\u00fan reembolso de los d\u00edas no disfrutados, ni de los extras contratados por dichos d\u00edas.<\/li>\n<li>Cancelaci\u00f3n Gratuita: En <strong>2J Rent a Car<\/strong>, puedes modificar o cancelar tu reserva sin cargos hasta 48 horas antes de la recogida del coche de alquiler.<\/li>\n<li>Los coches no se pueden trasladar fuera de la isla donde se retir\u00f3.<\/li>\n<li>Los datos personales suministrados a trav\u00e9s de <a href=\"https:\/\/j2rentacarcanarias.com\/en\/\"><u>j2rentacarcanarias.com<\/u><\/a> ser\u00e1n tratados como confidenciales.<\/li>\n<li>El conductor responde ante las infracciones cometidas durante la conducci\u00f3n del veh\u00edculo (multas, estacionamiento, etc.) conforme al C\u00f3digo de Circulaci\u00f3n y dem\u00e1s disposiciones legales vigentes.<\/li>\n<\/ul>\n<p align=\"LEFT\">Estas condiciones son exclusivas para reservas realizadas a trav\u00e9s de nuestra p\u00e1gina web <a href=\"https:\/\/j2rentacarcanarias.com\/en\/\"><u>j2rentacarcanarias.com<\/u><\/a><\/p>\n<\/div>\n<\/div>\n<\/div>\n<\/div>\n<\/div>\n<\/div>\n<div class=\"vc_row wpb_row vc_row-fluid vc_custom_1658915292118\">\n<div class=\"wpb_column vc_column_container vc_col-sm-12\">\n<div class=\"vc_column-inner\">\n<div class=\"wpb_wrapper\"> <\/div>\n<\/div>\n<\/div>\n<\/div>\n<div class=\"clearfix\"> <\/div>\n<\/div>\n<\/div>\n<\/div>\n<footer id=\"footer\">\n<div id=\"footer-main\">\n<div class=\"footer_widgets_wrapper \">\n<div class=\"container\">\n<div class=\"widgets cols_4 clearfix\">\n<aside id=\"text-5\" class=\"widget widget_text\">\n<div class=\"widget-wrapper\">\n<div class=\"widget-title\"> <\/div>\n<\/div>\n<\/aside>\n<\/div>\n<\/div>\n<\/div>\n<\/div>\n<\/footer>\n\t\t\t\t\t\t\t\t<\/div>\n\t\t\t\t<\/div>\n\t\t\t\t\t<\/div>\n\t\t\t\t<\/div>\n\t\t\t\t<\/div>\n\t\t","protected":false},"excerpt":{"rendered":"<p>Rent conditions Se han detectado malas pr\u00e1cticas en el sector del alquiler de coches y por eso hemos realizado un esfuerzo en buscar la forma m\u00e1s transparente y honesta a la hora de alquilar un coche: \u201cLa tarifa que mostramos en j2rentacarcanarias.com desde el primer momento es el precio final, sin otros costes ocultos o [&hellip;]<\/p>\n","protected":false},"author":1,"featured_media":0,"parent":0,"menu_order":0,"comment_status":"closed","ping_status":"closed","template":"","meta":{"footnotes":""},"class_list":["post-2853","page","type-page","status-publish","hentry"],"yoast_head":"<!-- This site is optimized with the Yoast SEO plugin v27.3 - https:\/\/yoast.com\/product\/yoast-seo-wordpress\/ -->\n<title>Rent conditions - J2 Rent a Car Canarias<\/title>\n<meta name=\"robots\" content=\"index, follow, max-snippet:-1, max-image-preview:large, max-video-preview:-1\" \/>\n<link rel=\"canonical\" href=\"https:\/\/j2rentacarcanarias.com\/en\/rent-conditions\/\" \/>\n<meta property=\"og:locale\" content=\"en_US\" \/>\n<meta property=\"og:type\" content=\"article\" \/>\n<meta property=\"og:title\" content=\"Rent conditions - J2 Rent a Car Canarias\" \/>\n<meta property=\"og:description\" content=\"Rent conditions Se han detectado malas pr\u00e1cticas en el sector del alquiler de coches y por eso hemos realizado un esfuerzo en buscar la forma m\u00e1s transparente y honesta a la hora de alquilar un coche: \u201cLa tarifa que mostramos en j2rentacarcanarias.com desde el primer momento es el precio final, sin otros costes ocultos o [&hellip;]\" \/>\n<meta property=\"og:url\" content=\"https:\/\/j2rentacarcanarias.com\/en\/rent-conditions\/\" \/>\n<meta property=\"og:site_name\" content=\"J2 Rent a Car Canarias\" \/>\n<meta property=\"article:modified_time\" content=\"2024-07-22T07:34:14+00:00\" \/>\n<meta property=\"og:image\" content=\"https:\/\/j2rentacarcanarias.com\/wp-content\/uploads\/2025\/08\/j2-seo.jpg\" \/>\n\t<meta property=\"og:image:width\" content=\"1200\" \/>\n\t<meta property=\"og:image:height\" content=\"675\" \/>\n\t<meta property=\"og:image:type\" content=\"image\/jpeg\" \/>\n<meta name=\"twitter:card\" content=\"summary_large_image\" \/>\n<meta name=\"twitter:label1\" content=\"Est. reading time\" \/>\n\t<meta name=\"twitter:data1\" content=\"2 minutes\" \/>\n<script type=\"application\/ld+json\" class=\"yoast-schema-graph\">{\"@context\":\"https:\\\/\\\/schema.org\",\"@graph\":[{\"@type\":\"WebPage\",\"@id\":\"https:\\\/\\\/j2rentacarcanarias.com\\\/en\\\/rent-conditions\\\/\",\"url\":\"https:\\\/\\\/j2rentacarcanarias.com\\\/en\\\/rent-conditions\\\/\",\"name\":\"Rent conditions - J2 Rent a Car Canarias\",\"isPartOf\":{\"@id\":\"https:\\\/\\\/j2rentacarcanarias.com\\\/#website\"},\"datePublished\":\"2024-06-06T12:57:52+00:00\",\"dateModified\":\"2024-07-22T07:34:14+00:00\",\"breadcrumb\":{\"@id\":\"https:\\\/\\\/j2rentacarcanarias.com\\\/en\\\/rent-conditions\\\/#breadcrumb\"},\"inLanguage\":\"en-US\",\"potentialAction\":[{\"@type\":\"ReadAction\",\"target\":[\"https:\\\/\\\/j2rentacarcanarias.com\\\/en\\\/rent-conditions\\\/\"]}]},{\"@type\":\"BreadcrumbList\",\"@id\":\"https:\\\/\\\/j2rentacarcanarias.com\\\/en\\\/rent-conditions\\\/#breadcrumb\",\"itemListElement\":[{\"@type\":\"ListItem\",\"position\":1,\"name\":\"Portada\",\"item\":\"https:\\\/\\\/j2rentacarcanarias.com\\\/en\\\/\"},{\"@type\":\"ListItem\",\"position\":2,\"name\":\"Rent conditions\"}]},{\"@type\":\"WebSite\",\"@id\":\"https:\\\/\\\/j2rentacarcanarias.com\\\/#website\",\"url\":\"https:\\\/\\\/j2rentacarcanarias.com\\\/\",\"name\":\"J2 Rent a Car Canarias\",\"description\":\"Agencia de alquiler de autom\u00f3viles en Maspalomas, Gran Canaria.\",\"publisher\":{\"@id\":\"https:\\\/\\\/j2rentacarcanarias.com\\\/#organization\"},\"potentialAction\":[{\"@type\":\"SearchAction\",\"target\":{\"@type\":\"EntryPoint\",\"urlTemplate\":\"https:\\\/\\\/j2rentacarcanarias.com\\\/?s={search_term_string}\"},\"query-input\":{\"@type\":\"PropertyValueSpecification\",\"valueRequired\":true,\"valueName\":\"search_term_string\"}}],\"inLanguage\":\"en-US\"},{\"@type\":\"Organization\",\"@id\":\"https:\\\/\\\/j2rentacarcanarias.com\\\/#organization\",\"name\":\"J2 Rent a Car Canarias\",\"url\":\"https:\\\/\\\/j2rentacarcanarias.com\\\/\",\"logo\":{\"@type\":\"ImageObject\",\"inLanguage\":\"en-US\",\"@id\":\"https:\\\/\\\/j2rentacarcanarias.com\\\/#\\\/schema\\\/logo\\\/image\\\/\",\"url\":\"https:\\\/\\\/j2rentacarcanarias.com\\\/wp-content\\\/uploads\\\/2024\\\/01\\\/icono-logo-j2.svg\",\"contentUrl\":\"https:\\\/\\\/j2rentacarcanarias.com\\\/wp-content\\\/uploads\\\/2024\\\/01\\\/icono-logo-j2.svg\",\"width\":600,\"height\":600,\"caption\":\"J2 Rent a Car Canarias\"},\"image\":{\"@id\":\"https:\\\/\\\/j2rentacarcanarias.com\\\/#\\\/schema\\\/logo\\\/image\\\/\"}}]}<\/script>\n<!-- \/ Yoast SEO plugin. -->","yoast_head_json":{"title":"Rent conditions - J2 Rent a Car Canarias","robots":{"index":"index","follow":"follow","max-snippet":"max-snippet:-1","max-image-preview":"max-image-preview:large","max-video-preview":"max-video-preview:-1"},"canonical":"https:\/\/j2rentacarcanarias.com\/en\/rent-conditions\/","og_locale":"en_US","og_type":"article","og_title":"Rent conditions - J2 Rent a Car Canarias","og_description":"Rent conditions Se han detectado malas pr\u00e1cticas en el sector del alquiler de coches y por eso hemos realizado un esfuerzo en buscar la forma m\u00e1s transparente y honesta a la hora de alquilar un coche: \u201cLa tarifa que mostramos en j2rentacarcanarias.com desde el primer momento es el precio final, sin otros costes ocultos o [&hellip;]","og_url":"https:\/\/j2rentacarcanarias.com\/en\/rent-conditions\/","og_site_name":"J2 Rent a Car Canarias","article_modified_time":"2024-07-22T07:34:14+00:00","og_image":[{"width":1200,"height":675,"url":"https:\/\/j2rentacarcanarias.com\/wp-content\/uploads\/2025\/08\/j2-seo.jpg","type":"image\/jpeg"}],"twitter_card":"summary_large_image","twitter_misc":{"Est. reading time":"2 minutes"},"schema":{"@context":"https:\/\/schema.org","@graph":[{"@type":"WebPage","@id":"https:\/\/j2rentacarcanarias.com\/en\/rent-conditions\/","url":"https:\/\/j2rentacarcanarias.com\/en\/rent-conditions\/","name":"Rent conditions - J2 Rent a Car Canarias","isPartOf":{"@id":"https:\/\/j2rentacarcanarias.com\/#website"},"datePublished":"2024-06-06T12:57:52+00:00","dateModified":"2024-07-22T07:34:14+00:00","breadcrumb":{"@id":"https:\/\/j2rentacarcanarias.com\/en\/rent-conditions\/#breadcrumb"},"inLanguage":"en-US","potentialAction":[{"@type":"ReadAction","target":["https:\/\/j2rentacarcanarias.com\/en\/rent-conditions\/"]}]},{"@type":"BreadcrumbList","@id":"https:\/\/j2rentacarcanarias.com\/en\/rent-conditions\/#breadcrumb","itemListElement":[{"@type":"ListItem","position":1,"name":"Portada","item":"https:\/\/j2rentacarcanarias.com\/en\/"},{"@type":"ListItem","position":2,"name":"Rent conditions"}]},{"@type":"WebSite","@id":"https:\/\/j2rentacarcanarias.com\/#website","url":"https:\/\/j2rentacarcanarias.com\/","name":"J2 Rent a Car Canarias","description":"Agencia de alquiler de autom\u00f3viles en Maspalomas, Gran Canaria.","publisher":{"@id":"https:\/\/j2rentacarcanarias.com\/#organization"},"potentialAction":[{"@type":"SearchAction","target":{"@type":"EntryPoint","urlTemplate":"https:\/\/j2rentacarcanarias.com\/?s={search_term_string}"},"query-input":{"@type":"PropertyValueSpecification","valueRequired":true,"valueName":"search_term_string"}}],"inLanguage":"en-US"},{"@type":"Organization","@id":"https:\/\/j2rentacarcanarias.com\/#organization","name":"J2 Rent a Car Canarias","url":"https:\/\/j2rentacarcanarias.com\/","logo":{"@type":"ImageObject","inLanguage":"en-US","@id":"https:\/\/j2rentacarcanarias.com\/#\/schema\/logo\/image\/","url":"https:\/\/j2rentacarcanarias.com\/wp-content\/uploads\/2024\/01\/icono-logo-j2.svg","contentUrl":"https:\/\/j2rentacarcanarias.com\/wp-content\/uploads\/2024\/01\/icono-logo-j2.svg","width":600,"height":600,"caption":"J2 Rent a Car Canarias"},"image":{"@id":"https:\/\/j2rentacarcanarias.com\/#\/schema\/logo\/image\/"}}]}},"_links":{"self":[{"href":"https:\/\/j2rentacarcanarias.com\/en\/wp-json\/wp\/v2\/pages\/2853","targetHints":{"allow":["GET"]}}],"collection":[{"href":"https:\/\/j2rentacarcanarias.com\/en\/wp-json\/wp\/v2\/pages"}],"about":[{"href":"https:\/\/j2rentacarcanarias.com\/en\/wp-json\/wp\/v2\/types\/page"}],"author":[{"embeddable":true,"href":"https:\/\/j2rentacarcanarias.com\/en\/wp-json\/wp\/v2\/users\/1"}],"replies":[{"embeddable":true,"href":"https:\/\/j2rentacarcanarias.com\/en\/wp-json\/wp\/v2\/comments?post=2853"}],"version-history":[{"count":1,"href":"https:\/\/j2rentacarcanarias.com\/en\/wp-json\/wp\/v2\/pages\/2853\/revisions"}],"predecessor-version":[{"id":2854,"href":"https:\/\/j2rentacarcanarias.com\/en\/wp-json\/wp\/v2\/pages\/2853\/revisions\/2854"}],"wp:attachment":[{"href":"https:\/\/j2rentacarcanarias.com\/en\/wp-json\/wp\/v2\/media?parent=2853"}],"curies":[{"name":"wp","href":"https:\/\/api.w.org\/{rel}","templated":true}]}}